{"id":150,"date":"2018-08-20T03:37:56","date_gmt":"2018-08-20T03:37:56","guid":{"rendered":"http:\/\/fm666.de\/?page_id=150"},"modified":"2018-08-20T04:58:13","modified_gmt":"2018-08-20T04:58:13","slug":"mobile666","status":"publish","type":"page","link":"http:\/\/fm666.de\/?page_id=150","title":{"rendered":"mobile"},"content":{"rendered":"<p><script>\t\tjQuery(function() {setTimeout(function(){\t\t\tjQuery(\"#lbg_audio6_html5_shoutcast_\").audio6_html5({\t\t\t\tradio_stream:\"\",\t\t\t\tazuracast_api_nowplaying_url:\"\",\t\t\t\tradio_name:\"\",\t\t\t\turl_custom_metdata_file:\"\",\t\t\t\tmetadata_file_type:\"\",\t\t\t\toptional_images_path:\"\",\t\t\t\tmscp_pro_api_url:\"\",\t\t\t\tplayerWidth:,\t\t\t\timageHeight:,\t\t\t\tskin:\"\",\t\t\t\tresponsive:,\t\t\t\tgrabLastFmPhoto:,\t\t\t\tazuracast_get_image:,\t\t\t\tautoPlay:,\t\t\t\tsongTitleColor:\"#\",\t\t\t\tauthorTitleColor:\"#\",\t\t\t\tlineSeparatorColor:\"#\",\t\t\t\tradioStationColor:\"#\",\t\t\t\tframeBehindTextColor:\"#\",\t\t\t\tframeBehindButtonsColor:\"#\",\t\t\t\tsticky:,\t\t\t\tstartMinified:,\t\t\t\tshowOnlyPlayButton:,\t\t\t\tcenterPlayer:,\t\t\t\tplayerBorderSize:,\t\t\t\tplayerBorderColor:\"#\",\t\t\t\tshowFacebookBut:,\t\t\t\tfacebookAppID:\"\",\t\t\t\tfacebookShareTitle:\"\",\t\t\t\tfacebookShareDescription:\"\",\t\t\t\tfacebookShareImage:\"\",\t\t\t\tshowTwitterBut:,\t\t\t\tshowVolume:,\t\t\t\tshowRadioStation:,\t\t\t\tshowTitle:,\t\t\t\tshowHistoryBut:,\t\t\t\tshowHistory:,\t\t\t\tshowHistoryOnInit:,\t\t\t\ttranslateReadingData:\"\",\t\t\t\thistoryTranslate:\"\",\t\t\t\thistoryTitleColor:\"#\",\t\t\t\thistoryBgColor:\"#\",\t\t\t\thistoryRecordBgColor:\"#\",\t\t\t\thistoryRecordBottomBorderColor:\"#\",\t\t\t\thistoryRecordSongColor:\"#\",\t\t\t\thistoryRecordSongBottomBorderColor:\"#\",\t\t\t\thistoryRecordAuthorColor:\"#\",\t\t\t\tnumberOfThumbsPerScreen:,\t\t\t\thistoryPadding:,\t\t\t\thistoryRecordTitleLimit:,\t\t\t\thistoryRecordAuthorLimit:,\t\t\t\tpathToAjaxFiles:\"http:\/\/fm666.de\/wp-content\/plugins\/lbg-audio6-html5-shoutcast_history\/audio6_html5_radio_history\/\",\t\t\t\tnowPlayingInterval:,\t\t\t\tpreserveOriginalUpperLowerCase:,\t\t\t\tnoImageAvailable:\"\",\t\t\t\ticeCastFirst:,\t\t\t\tshowListeners:,\t\t\t\ttranslateListeners:\"\",\t\t\t\thistoryMaxNumberOfSongs:\t\t\t});}, 0);\t\t});\t<\/script>    <div style=\"float:; padding-top:5px;padding-right:0px;padding-bottom:15px;padding-left:20px;\"><div class=\"audio6_html5\">            <div id=\"lbg_audio6_html5_shoutcast_\"><\/div>     <\/div>\t<\/div><br \/>\n<iframe loading=\"lazy\" src=\"https:\/\/chatroll.com\/embed\/chat\/fm666?id=LIj98qdlnrV&amp;platform=html\" width=\"450\" height=\"350\" frameborder=\"0\" marginwidth=\"0\" marginheight=\"0\" scrolling=\"no\">\ufeff<\/iframe><\/p>\n","protected":false},"excerpt":{"rendered":"<p>\ufeff<\/p>\n","protected":false},"author":1,"featured_media":0,"parent":0,"menu_order":0,"comment_status":"closed","ping_status":"closed","template":"template-full.php","meta":{"jetpack_post_was_ever_published":false,"footnotes":""},"class_list":["post-150","page","type-page","status-publish","hentry"],"jetpack_sharing_enabled":true,"jetpack_shortlink":"https:\/\/wp.me\/PabCbD-2q","jetpack-related-posts":[{"id":320,"url":"http:\/\/fm666.de\/?page_id=320","url_meta":{"origin":150,"position":0},"title":"h9","date":"May 7, 2021","format":false,"excerpt":"","rel":"","context":"Similar post","img":{"alt_text":"","src":"","width":0,"height":0},"classes":[]},{"id":329,"url":"http:\/\/fm666.de\/?page_id=329","url_meta":{"origin":150,"position":1},"title":"test","date":"March 24, 2022","format":false,"excerpt":"","rel":"","context":"Similar post","img":{"alt_text":"","src":"","width":0,"height":0},"classes":[]},{"id":2,"url":"http:\/\/fm666.de\/","url_meta":{"origin":150,"position":2},"title":"\u1403  \u221aap\u00d6rMAX\u00ae  raadio fm 66.6 \u1403","date":"August 17, 2018","format":false,"excerpt":"fm666.de mvsic : dethtrap\u00ae, vaporwitch, fu\u253cure-necro, deth\u253cec, l\u035a\u0324\u0354\u0356\u033c\u0354\u0329ow tape, EVP, dea\u253ch trvcks\u00a0\u2366 n\u016f r\u00e5\u00e5dio \u02a1\u0b89 \u0b8a fm666.de \u2366\u0b89 \u0b8a \u00a0 \u00a0 \u00a0 \u00a0 \u00a0 \u00a0 \u00a0 \u00a0 \u00a0 \u00a0 \u1403 \u221aap\u00d6rMAX\u00ae raadio fm 66.6 \u1403 \u2366 n\u016f r\u00e5\u00e5dio \u02a1\u0b89 \u0b8a fm666.de \u2366\u0b89 \u0b8a \u00a0\u00a7\u039bt\u039b\u0418w\u25b2ve\u00ae\u00a0wi\u0335\u033c\u253cch cvl\u253c\/\/ : G\u0323\u032bl\u035a\u0324\u0354\u0356\u033c\u0354\u0329i\u0335\u033c\u253cc\u0358\u0332\u0319\u034d\u032ah\u0321\u034e\u0326\u0359\u0329\u033bwavE\u0322\u034f\u032b\u0324\u032b\u0319\u0359\u0355\u0325\u032a and \u00a0blvvk trvvp--\u2026","rel":"","context":"Similar post","img":{"alt_text":"","src":"https:\/\/i0.wp.com\/fm666.de\/wp-content\/uploads\/2018\/08\/hqdefault-300x225.jpg?resize=350%2C200","width":350,"height":200},"classes":[]}],"_links":{"self":[{"href":"http:\/\/fm666.de\/index.php?rest_route=\/wp\/v2\/pages\/150","targetHints":{"allow":["GET"]}}],"collection":[{"href":"http:\/\/fm666.de\/index.php?rest_route=\/wp\/v2\/pages"}],"about":[{"href":"http:\/\/fm666.de\/index.php?rest_route=\/wp\/v2\/types\/page"}],"author":[{"embeddable":true,"href":"http:\/\/fm666.de\/index.php?rest_route=\/wp\/v2\/users\/1"}],"replies":[{"embeddable":true,"href":"http:\/\/fm666.de\/index.php?rest_route=%2Fwp%2Fv2%2Fcomments&post=150"}],"version-history":[{"count":4,"href":"http:\/\/fm666.de\/index.php?rest_route=\/wp\/v2\/pages\/150\/revisions"}],"predecessor-version":[{"id":166,"href":"http:\/\/fm666.de\/index.php?rest_route=\/wp\/v2\/pages\/150\/revisions\/166"}],"wp:attachment":[{"href":"http:\/\/fm666.de\/index.php?rest_route=%2Fwp%2Fv2%2Fmedia&parent=150"}],"curies":[{"name":"wp","href":"https:\/\/api.w.org\/{rel}","templated":true}]}}